{"id":182,"date":"2014-09-05T15:53:19","date_gmt":"2014-09-05T13:53:19","guid":{"rendered":"http:\/\/mfg-neitersen.de\/neu\/?page_id=182"},"modified":"2018-05-03T07:41:10","modified_gmt":"2018-05-03T05:41:10","slug":"kontakt-2","status":"publish","type":"page","link":"https:\/\/mfg-neitersen.de\/?page_id=182","title":{"rendered":"Kontakt"},"content":{"rendered":"<p>Nutzen Sie unser Kontaktformular f\u00fcr Fragen und Anregungen.<\/p>\n<p>Um uns vor Spam zu sch\u00fctzen, haben wir hier keine E-Mail Adressen unserer Mitglider angegeben. Die Anfrage wird an die entsprechende Person weitergeleitet.<\/p>\n<p>Wenn Sie einen direkten Kontakt w\u00fcnschen, gehen Sie bitte \u00fcber den Men\u00fcpunkt: &#8222;Verein\\Vorstand&#8220; und w\u00e4hlen den gew\u00fcnschten Empf\u00e4nger aus.<\/p>\n<p>&nbsp;<\/p>\n<p><a href=\"https:\/\/mfg-neitersen.de\/neu\/wp-content\/uploads\/2014\/09\/kontakt.jpg\"><img loading=\"lazy\" decoding=\"async\" class=\"alignnone wp-image-230 size-thumbnail\" src=\"https:\/\/mfg-neitersen.de\/wp-content\/uploads\/2014\/09\/kontakt-150x150.jpg\" alt=\"kontakt\" width=\"150\" height=\"150\" data-id=\"230\" \/><\/a><\/p>\n","protected":false},"excerpt":{"rendered":"<p>Nutzen Sie unser Kontaktformular f\u00fcr Fragen und Anregungen. Um uns vor Spam zu sch\u00fctzen, haben wir hier keine E-Mail Adressen unserer Mitglider angegeben. Die Anfrage wird an die entsprechende Person &hellip; <a class=\"kt-excerpt-readmore\" href=\"https:\/\/mfg-neitersen.de\/?page_id=182\" aria-label=\"Kontakt\">Weiterlesen<\/a><\/p>\n","protected":false},"author":1,"featured_media":0,"parent":0,"menu_order":0,"comment_status":"closed","ping_status":"closed","template":"page-contact.php","meta":{"kt_blocks_editor_width":"","footnotes":""},"class_list":["post-182","page","type-page","status-publish","hentry"],"_links":{"self":[{"href":"https:\/\/mfg-neitersen.de\/index.php?rest_route=\/wp\/v2\/pages\/182","targetHints":{"allow":["GET"]}}],"collection":[{"href":"https:\/\/mfg-neitersen.de\/index.php?rest_route=\/wp\/v2\/pages"}],"about":[{"href":"https:\/\/mfg-neitersen.de\/index.php?rest_route=\/wp\/v2\/types\/page"}],"author":[{"embeddable":true,"href":"https:\/\/mfg-neitersen.de\/index.php?rest_route=\/wp\/v2\/users\/1"}],"replies":[{"embeddable":true,"href":"https:\/\/mfg-neitersen.de\/index.php?rest_route=%2Fwp%2Fv2%2Fcomments&post=182"}],"version-history":[{"count":0,"href":"https:\/\/mfg-neitersen.de\/index.php?rest_route=\/wp\/v2\/pages\/182\/revisions"}],"wp:attachment":[{"href":"https:\/\/mfg-neitersen.de\/index.php?rest_route=%2Fwp%2Fv2%2Fmedia&parent=182"}],"curies":[{"name":"wp","href":"https:\/\/api.w.org\/{rel}","templated":true}]}}