{"id":187,"date":"2014-09-08T07:25:33","date_gmt":"2014-09-08T05:25:33","guid":{"rendered":"http:\/\/mfg-neitersen.de\/neu\/?page_id=187"},"modified":"2014-10-08T17:29:08","modified_gmt":"2014-10-08T15:29:08","slug":"chronik","status":"publish","type":"page","link":"https:\/\/mfg-neitersen.de\/?page_id=187","title":{"rendered":"Chronik"},"content":{"rendered":"<p>Modellfluggruppe Neitersen e.V.<\/p>\n<p>Der Grundstein f\u00fcr die heutige weit \u00fcber die Grenzen des Westerwaldes hinaus bekannte Modellfluggruppe wurde im Mai 1975 auf Initiative von Rolf Bauer aus Sch\u00f6neberg als Interessengemeinschaft unter dem Namen \u201eModellfluggruppe Neitersen\/Sch\u00f6neberg\u201c in Sch\u00f6neberg gelegt.<br \/>\n<a href=\"https:\/\/mfg-neitersen.de\/wp-content\/uploads\/2014\/09\/Chronik13.jpg\"><img loading=\"lazy\" decoding=\"async\" class=\"size-medium wp-image-324 alignleft\" src=\"https:\/\/mfg-neitersen.de\/wp-content\/uploads\/2014\/09\/Chronik13-300x222.jpg\" alt=\"Chronik1\" width=\"300\" height=\"222\" data-id=\"324\" srcset=\"https:\/\/mfg-neitersen.de\/wp-content\/uploads\/2014\/09\/Chronik13-300x222.jpg 300w, https:\/\/mfg-neitersen.de\/wp-content\/uploads\/2014\/09\/Chronik13.jpg 808w\" sizes=\"auto, (max-width: 300px) 100vw, 300px\" \/><\/a><br \/>\nSeit dem 25.03.1977 wird der Verein \u201eModellfluggruppe Neitersen e.V.\u201c im zust\u00e4ndigen Vereinsregister als eingetragener Verein gef\u00fchrt.<\/p>\n<p>Die Gr\u00fcndungsversammlung fand damals in Sch\u00fcrdt im Hotel Hubertush\u00f6he statt. In dieser wurde Rolf Bauer aus Sch\u00f6neberg zum 1. Vorsitzenden gew\u00e4hlt. Gr\u00fcndungsmitglieder und treibende Kr\u00e4fte aus der n\u00e4heren Umgebung waren damals unter anderem:<\/p>\n<p>Rolf Bauer, Hubert Henricy, G\u00fcnter Schreiner, Hans August Gundert und Klaus Meder.<\/p>\n<p>Die Vereinsjugend bestand seinerzeit aus J\u00fcrgen Henricy, Gerd M\u00fcller, Ulf Bellersheim und Markus Bay.<\/p>\n<p>&nbsp;<\/p>\n<p>Die bisherigen Vereinsvorsitzenden waren: Rolf Bauer, G\u00fcnter Schreiner, Hans August Gundert, Ernst Seel, Gerd M\u00fcller. Derzeit leitet Oliver Schmitz die Geschicke des Vereins. Der erste Flugbetrieb von Modellflugbegeisterten aus der Umgebung fand im Sommer 1974 auf einer Wiese am Wirtschaftsweg Richtung Hemmelzen statt. Dieses Gel\u00e4nde konnte jedoch nur kurzzeitig genutzt werden, da es aufgrund seiner topografischen Lage f\u00fcr den Modellflugsport nicht sonderlich geeignet und zudem nicht genehmigungsf\u00e4hig war.<\/p>\n<p>Zu dieser Zeit fand man sich au\u00dferdem zum Segelfliegen an einem Hang in der Gemarkung \u00d6lsen (in der N\u00e4he der heutigen Kl\u00e4ranlage) ein. Im Fr\u00fchjahr 1975 konnte dann in Neitersen in der Gemarkung \u201eAuf dem Schaffeld\u201c ein f\u00fcr den Modellflugsport geeignetes Grundst\u00fcck gepachtet werden. Die geographische Lage des heutigen Vereinsgel\u00e4ndes: 50\u00b0 40` 30&#8222; N, 7\u00b0 34` 50&#8222; E.<\/p>\n<p><a href=\"https:\/\/mfg-neitersen.de\/wp-content\/uploads\/2014\/09\/Chronik22.jpg\"><img loading=\"lazy\" decoding=\"async\" class=\"size-medium wp-image-325 alignright\" src=\"https:\/\/mfg-neitersen.de\/wp-content\/uploads\/2014\/09\/Chronik22-300x205.jpg\" alt=\"Chronik2\" width=\"300\" height=\"205\" data-id=\"325\" srcset=\"https:\/\/mfg-neitersen.de\/wp-content\/uploads\/2014\/09\/Chronik22-300x205.jpg 300w, https:\/\/mfg-neitersen.de\/wp-content\/uploads\/2014\/09\/Chronik22.jpg 877w\" sizes=\"auto, (max-width: 300px) 100vw, 300px\" \/><\/a><\/p>\n<p>Nachdem man einige Bedenken seitens der Jagdp\u00e4chter und der Ortsgemeinde ausr\u00e4umen konnte, wurde dann im M\u00e4rz 1976 erstmalig eine vorl\u00e4ufige Genehmigung f\u00fcr den Modellflugbetrieb durch die damalige Bezirksregierung Koblenz erteilt.<\/p>\n<p>Nun ging es daran, das Fluggel\u00e4nde herzurichten und die in der Genehmigung geforderten Sicherheitsma\u00dfnahmen zu erf\u00fcllen, um einem geregelten Flugbetrieb nachgehen zu k\u00f6nnen. Die ersten M\u00e4harbeiten am Vereinsgel\u00e4nde wurden von der Vereinsjugend mit privaten Rasenm\u00e4hern durchgef\u00fchrt und dauerten in der Regel jeweils zwei Nachmittage.Der in der Genehmigung geforderte Sicherheitszaun wurde von den Senioren des jungen Vereins erstellt. Die ersten Zaunpfosten waren Restbest\u00e4nde des ortsans\u00e4ssigen S\u00e4gewerks Schumann und wurden dem Verein von Frau Hilde Schumann kostenlos zur Verf\u00fcgung gestellt.<\/p>\n<p>Nachdem der damalige Vorstand eine Flugbetriebsordnung erstellt hatte und diese durch die Genehmigungsbeh\u00f6rde und die Ortsgemeinde bewilligt wurde, waren nun endlich die Weichen f\u00fcr den geregelten Modellflugbetrieb in Neitersen gestellt.<\/p>\n<p>Geflogen wurde bei jeder Witterung, ja sogar bei heftigem Schneetreiben im Winter stand man auf dem Modellflugplatz. Eine Unterkunft in der \u00d6rtlichkeit gab es nicht. Nach dem Flugbetrieb traf man sich in Bauers oder Henricys Bastelstube, um sich aufzuw\u00e4rmen und Reparaturarbeiten an den Modellen durchzuf\u00fchren.<\/p>\n<p>Die damals noch relativ wenigen Neiterser Piloten zeigten sich jedoch regelm\u00e4\u00dfig auf den gro\u00dfen Flugtagen in der gesamten Bundesrepublik und machten so die Modellfluggruppe und den Ort Neitersen \u00fcberregional bekannt.<\/p>\n<p>Legend\u00e4r war in den 80er Jahren die \u201cMe163 Komet\u201c &#8211; Staffel mit Dieter Dasbach, R\u00fcdiger Piontkowski, Uwe Runkler, Detlev Behr und Hans August Gundert, die mit Ihren Hochgeschwindigkeitsmodellen das Ma\u00df der Dinge setzten. So konnte man in dieser Zeit an den Wochenenden stets neue Gesichter auf dem Vereinsgel\u00e4nde sehen, die sich f\u00fcr den Modellflugsport interessierten. Die Zahl der Mitglieder wuchs stetig, so das aus L\u00e4rm- und Immissionsschutzgr\u00fcnden die Zahl der aktiven Piloten begrenzt werden musste.<\/p>\n<p>Anzumerken ist, dass der L\u00e4rmpegel in der Anfangszeit viermal so hoch war als zur heutiger Zeit. Damals wurden im w\u00f6chentlichen Wechsel aus den Reihen der Mitglieder jeweils zwei Personen auserw\u00e4hlt, die f\u00fcr die Platzpflege und f\u00fcr Reinigungsarbeiten im Umfeld zust\u00e4ndig waren. War ein zum Platzdienst eingeteiltes Mitglied unentschuldigt nicht erschienen, so wurde dies mit \u201eFlugverbot\u201c geahndet. Dasselbe galt auch f\u00fcr Piloten, die sich nicht an die Flugordnung hielten.<\/p>\n<p>Im Laufe der Zeit wurde der Flugplatz immer weiter ausgebaut. Das Gel\u00e4nde wurde neu planiert und eine einfache offene Schutzh\u00fctte, welche f\u00fcr jedermann nutzbar war und ist, wurde gebaut.<br \/>\nVon Anfang an bis zum heutigen Tage fand und findet der interessierte Besucher wie auch der Wandersmann ein stets gepflegtes und sauberes Fluggel\u00e4nde mit einer Schutzh\u00fctte vor. Dies ist nicht zuletzt dem Vereinsmitglied Klaus Meder zu verdanken, der die n\u00f6tigen Pflege- und- M\u00e4harbeiten seit Jahren ehrenamtlich ausf\u00fchrt.<a href=\"https:\/\/mfg-neitersen.de\/wp-content\/uploads\/2014\/09\/Chronik3.jpg\"><img loading=\"lazy\" decoding=\"async\" class=\"wp-image-322 size-medium alignleft\" src=\"https:\/\/mfg-neitersen.de\/wp-content\/uploads\/2014\/09\/Chronik3-300x225.jpg\" alt=\"Chronik3\" width=\"300\" height=\"225\" data-id=\"322\" srcset=\"https:\/\/mfg-neitersen.de\/wp-content\/uploads\/2014\/09\/Chronik3-300x225.jpg 300w, https:\/\/mfg-neitersen.de\/wp-content\/uploads\/2014\/09\/Chronik3.jpg 1024w\" sizes=\"auto, (max-width: 300px) 100vw, 300px\" \/><\/a><\/p>\n<p>Die f\u00fcr die \u00d6ffentlichkeitsarbeit wichtigen Modellflugtage wurden im Rahmen der M\u00f6glichkeiten durchgef\u00fchrt und waren stets gut besucht. Der Verein erfreute sich dabei immer der Unterst\u00fctzung von Piloten befreundeter Vereine.<\/p>\n<p>Dabei soll nicht unerw\u00e4hnt bleiben, dass einige Flugplatzfeste aufgrund der Witterung buchst\u00e4blich ins Wasser fielen.<\/p>\n<p>Als ein Highlight ist der Flugtag im Jahr 2002 anl\u00e4sslich des 25-j\u00e4hrigen Jubil\u00e4ums der Modellfluggruppe Neitersen e.V. in die Vereinsgeschichte eingegangen. Die heimische Presse schrieb:\u201c Einer der sch\u00f6nsten Tage in Neitersen\u201c. Wer erinnert sich nicht gerne daran, wie ein echtes L\u00f6schflugzeug unterst\u00fctzt durch die \u00f6rtliche Feuerwehr auf offenem Feld ein Feuer l\u00f6schte, oder die Neiterser Ch\u00f6re durch ihren Gesang den regen Flugbetrieb auflockerten.<\/p>\n<p>Im Modellflugbereich stellten weltweit bekannte Spitzenpiloten ihre Modelle vor und waren von der Organisation begeistert. Aber auch die legend\u00e4ren Modellbaub\u00f6rsen und Ausstellungen fanden stets gute Resonanz.<\/p>\n<p>Stellvertretend f\u00fcr die \u00d6ffentlichkeitsarbeit des Vereins ist Gerd Piller zu nennen, der sich stets uneigenn\u00fctzig und hochmotiviert in den Dienst der Sache gestellt hat.<\/p>\n<p>Die Hauptaufgabe war und ist f\u00fcr die Zukunft der Modellfluggruppe Neitersen e.V. neben der Kontaktpflege mit den anderen ortsans\u00e4ssigen Vereinen, den Flugmodellbau zu betreiben, die Modelle zu fliegen und sich dabei mit den verschiedenen technischen Gebieten zu besch\u00e4ftigen. So ist es ein besonderes Anliegen des Vereins, die jugendlichen Mitglieder in einer sinnvollen Weise mit der Technik vertraut zu machen.<a href=\"https:\/\/mfg-neitersen.de\/wp-content\/uploads\/2014\/09\/Chronik4.jpg\"><img loading=\"lazy\" decoding=\"async\" class=\"size-medium wp-image-323 alignright\" src=\"https:\/\/mfg-neitersen.de\/wp-content\/uploads\/2014\/09\/Chronik4-300x225.jpg\" alt=\"Chronik4\" width=\"300\" height=\"225\" data-id=\"323\" srcset=\"https:\/\/mfg-neitersen.de\/wp-content\/uploads\/2014\/09\/Chronik4-300x225.jpg 300w, https:\/\/mfg-neitersen.de\/wp-content\/uploads\/2014\/09\/Chronik4.jpg 1024w\" sizes=\"auto, (max-width: 300px) 100vw, 300px\" \/><\/a><\/p>\n<p>Vom Erfolg gekr\u00f6nt waren die Neiterser Flieger hier im Jahr 2010, als sich Mario M\u00fcller den Titel\u201c Deutscher Meister\u201c im Akrosegelflug sichern konnte. Auch f\u00fcr die Zukunft ist der rund 80 Mitgliedern starke Verein gut aufgestellt und wartet auf neue Herausforderungen aus dem Bereich des Modellflugsports.<\/p>\n<p>&nbsp;<\/p>\n<p>Interessierte sind jederzeit herzlich willkommen.<\/p>\n<p>&nbsp;<\/p>\n<p>&nbsp;<\/p>\n","protected":false},"excerpt":{"rendered":"<p>Modellfluggruppe Neitersen e.V. Der Grundstein f\u00fcr die heutige weit \u00fcber die Grenzen des Westerwaldes hinaus bekannte Modellfluggruppe wurde im Mai 1975 auf Initiative von Rolf Bauer aus Sch\u00f6neberg als Interessengemeinschaft &hellip; <a class=\"kt-excerpt-readmore\" href=\"https:\/\/mfg-neitersen.de\/?page_id=187\" aria-label=\"Chronik\">Weiterlesen<\/a><\/p>\n","protected":false},"author":1,"featured_media":0,"parent":0,"menu_order":0,"comment_status":"closed","ping_status":"closed","template":"page-fullwidth.php","meta":{"kt_blocks_editor_width":"","footnotes":""},"class_list":["post-187","page","type-page","status-publish","hentry"],"_links":{"self":[{"href":"https:\/\/mfg-neitersen.de\/index.php?rest_route=\/wp\/v2\/pages\/187","targetHints":{"allow":["GET"]}}],"collection":[{"href":"https:\/\/mfg-neitersen.de\/index.php?rest_route=\/wp\/v2\/pages"}],"about":[{"href":"https:\/\/mfg-neitersen.de\/index.php?rest_route=\/wp\/v2\/types\/page"}],"author":[{"embeddable":true,"href":"https:\/\/mfg-neitersen.de\/index.php?rest_route=\/wp\/v2\/users\/1"}],"replies":[{"embeddable":true,"href":"https:\/\/mfg-neitersen.de\/index.php?rest_route=%2Fwp%2Fv2%2Fcomments&post=187"}],"version-history":[{"count":0,"href":"https:\/\/mfg-neitersen.de\/index.php?rest_route=\/wp\/v2\/pages\/187\/revisions"}],"wp:attachment":[{"href":"https:\/\/mfg-neitersen.de\/index.php?rest_route=%2Fwp%2Fv2%2Fmedia&parent=187"}],"curies":[{"name":"wp","href":"https:\/\/api.w.org\/{rel}","templated":true}]}}