{"id":80,"date":"2014-06-30T07:20:10","date_gmt":"2014-06-30T05:20:10","guid":{"rendered":"http:\/\/mfg-neitersen.de\/neu\/?page_id=80"},"modified":"2023-01-09T13:12:11","modified_gmt":"2023-01-09T11:12:11","slug":"kontakt","status":"publish","type":"page","link":"https:\/\/mfg-neitersen.de\/?page_id=80","title":{"rendered":"Vorstand"},"content":{"rendered":"<p>Der Vorstand der Modellfluggruppe Neitersen e.V. wird f\u00fcr zwei Jahre auf der Jahreshaultversammlung gew\u00e4hlt, zuletzt am 24.02.2022.<\/p>\n<p>Der derzeitige Vorstand stellt sich wie folgt zusammen:<\/p>\n  <style>\n            #dwl-team-wrapper-69e5b91743ba5 .team-member-socials a {\n          background-color: #4258d6;\n      }\n      #dwl-team-wrapper-69e5b91743ba5 .team-member-other-info .fas {\n          color: #4258d6;\n      }\n      \n        <\/style>\n\n  <div id=\"dwl-team-wrapper-69e5b91743ba5\" class=\"dwl-team-wrapper wtm-container-fluid wtm-team-manager-shortcode\">\n      <div class=\"dwl-team-wrapper--main wtm-row g-2 g-lg-3 dwl-team-layout-list dwl-team-image-style-boxed\">\n          \n          <div class=\"team-member-info-wrap m-0 p-2 wtm-col-12 team_groups-vorstand post-80 page type-page status-publish hentry\">\n          <div class=\"wtm-row g-0 team-member-info-content\"> \n           <header class=\"wtm-col-12 wtm-col-lg-3 wtm-col-md-6\">\n                            <a href=\"https:\/\/mfg-neitersen.de\/?team_manager=1-vorsitzender\">\n                            <img decoding=\"async\" width=\"150\" height=\"150\" src=\"https:\/\/mfg-neitersen.de\/wp-content\/uploads\/2017\/10\/2017-Besuch-KiGa-Neitersen-008-150x150.jpg\" class=\"dwl-box-shadow\" alt=\"1. Vorsitzender, Mario M\u00fcller\" loading=\"eager\" \/>                            <\/a>\n                          <\/header>\n          \n          <div class=\"team-member-desc wtm-col-12 wtm-col-lg-8 wtm-col-md-6\">\n            <h2 class=\"team-member-title\">1. Vorsitzender<\/h2>\n                          <h4 class=\"team-position\">Mario M\u00fcller<\/h4>\n                        <div class=\"team-short-bio\">\n                            Vertretungsberechtigter Vorstand im Sinne des BGB Verantwortliche Vorbereitung von Festivit\u00e4ten Kontakte zur Gesch\u00e4ftswelt, Werbepartner und anderen Vereinen Darstellung des Vereins nach innen und nach au\u00dfen \u00d6ffentlichkeitsarbeit Koordiniert den Internetauftritt des Vereins Vereinschronik Repr\u00e4sentant                        <\/div>\n                                                                      <div class=\"team-member-socials size-16\">\n                    <\/div>\n                                       \n          <\/div>\n          <\/div>\n          <\/div>\n  \n          \n          <div class=\"team-member-info-wrap m-0 p-2 wtm-col-12 team_groups-vorstand post-80 page type-page status-publish hentry\">\n          <div class=\"wtm-row g-0 team-member-info-content\"> \n           <header class=\"wtm-col-12 wtm-col-lg-3 wtm-col-md-6\">\n                            <a href=\"https:\/\/mfg-neitersen.de\/?team_manager=geschaeftsfuehrer\">\n                            <img decoding=\"async\" width=\"150\" height=\"150\" src=\"https:\/\/mfg-neitersen.de\/wp-content\/uploads\/2018\/12\/shutterstock_124571215-150x150.jpg\" class=\"dwl-box-shadow\" alt=\"Gesch\u00e4ftsf\u00fchrer, Thomas H\u00f6fer\" loading=\"eager\" \/>                            <\/a>\n                          <\/header>\n          \n          <div class=\"team-member-desc wtm-col-12 wtm-col-lg-8 wtm-col-md-6\">\n            <h2 class=\"team-member-title\">Gesch\u00e4ftsf\u00fchrer<\/h2>\n                          <h4 class=\"team-position\">Thomas H\u00f6fer<\/h4>\n                        <div class=\"team-short-bio\">\n                            Vertretungsberechtigter Vorstand im Sinne des BGB Verwaltung des Haushaltes Steuerangelegenheiten F\u00fchrung der Vereinskasse Abwicklung des Zahlungsverkehrs des Verein Mitgliederverwaltung Mitgliederversicherung \u00fcber den DMFV Erstellung und Verwaltung des Internetauftritts Schl\u00fcsselverwaltung                        <\/div>\n                                                                      <div class=\"team-member-socials size-16\">\n                    <\/div>\n                                       \n          <\/div>\n          <\/div>\n          <\/div>\n  \n          \n          <div class=\"team-member-info-wrap m-0 p-2 wtm-col-12 team_groups-vorstand post-80 page type-page status-publish hentry\">\n          <div class=\"wtm-row g-0 team-member-info-content\"> \n           <header class=\"wtm-col-12 wtm-col-lg-3 wtm-col-md-6\">\n                            <a href=\"https:\/\/mfg-neitersen.de\/?team_manager=flugleiter\">\n                            <img decoding=\"async\" width=\"150\" height=\"150\" src=\"https:\/\/mfg-neitersen.de\/wp-content\/uploads\/2014\/09\/Kirchhoff-Stephen-150x150.jpg\" class=\"dwl-box-shadow\" alt=\"Flugleiter, Stephen Kirchhoff\" loading=\"eager\" \/>                            <\/a>\n                          <\/header>\n          \n          <div class=\"team-member-desc wtm-col-12 wtm-col-lg-8 wtm-col-md-6\">\n            <h2 class=\"team-member-title\">Flugleiter<\/h2>\n                          <h4 class=\"team-position\">Stephen Kirchhoff<\/h4>\n                        <div class=\"team-short-bio\">\n                            Koordinierung und \u00dcberwachung des Flugbetriebs \u00dcberwachung des Flugsektors und Sicherheitsabst\u00e4nden Einweisung der Piloten in den Luftraum Ausstellen von L\u00e4rmp\u00e4ssen F\u00fchrung und Kontrolle des Flugbuches                        <\/div>\n                                                                                             \n          <\/div>\n          <\/div>\n          <\/div>\n  \n          \n          <div class=\"team-member-info-wrap m-0 p-2 wtm-col-12 team_groups-vorstand post-80 page type-page status-publish hentry\">\n          <div class=\"wtm-row g-0 team-member-info-content\"> \n           <header class=\"wtm-col-12 wtm-col-lg-3 wtm-col-md-6\">\n                            <a href=\"https:\/\/mfg-neitersen.de\/?team_manager=jugendwart\">\n                            <img decoding=\"async\" width=\"150\" height=\"150\" src=\"https:\/\/mfg-neitersen.de\/wp-content\/uploads\/2018\/12\/shutterstock_124571215-150x150.jpg\" class=\"dwl-box-shadow\" alt=\"Jugendwart, Peter Sch\u00e4fer\" loading=\"eager\" \/>                            <\/a>\n                          <\/header>\n          \n          <div class=\"team-member-desc wtm-col-12 wtm-col-lg-8 wtm-col-md-6\">\n            <h2 class=\"team-member-title\">Jugendwart<\/h2>\n                          <h4 class=\"team-position\">Peter Sch\u00e4fer<\/h4>\n                        <div class=\"team-short-bio\">\n                            Verantwortung f\u00fcr den gesamten Jugendbereich der MFG-Neitersen e.V. Ansprechpartnet f\u00fcr Jugendliche Organisation aller Jugendveranstaltungen des Vereins Ansprechpartner f\u00fcr Kooperationen Schule \/ Verein                        <\/div>\n                                                                                             \n          <\/div>\n          <\/div>\n          <\/div>\n  \n          \n          <div class=\"team-member-info-wrap m-0 p-2 wtm-col-12 team_groups-vorstand post-80 page type-page status-publish hentry\">\n          <div class=\"wtm-row g-0 team-member-info-content\"> \n           <header class=\"wtm-col-12 wtm-col-lg-3 wtm-col-md-6\">\n                            <a href=\"https:\/\/mfg-neitersen.de\/?team_manager=schriftfuehrer\">\n                            <img decoding=\"async\" width=\"150\" height=\"150\" src=\"https:\/\/mfg-neitersen.de\/wp-content\/uploads\/2018\/12\/shutterstock_124571215-150x150.jpg\" class=\"dwl-box-shadow\" alt=\"Schriftf\u00fchrer, Thilo Kirchhoff\" loading=\"eager\" \/>                            <\/a>\n                          <\/header>\n          \n          <div class=\"team-member-desc wtm-col-12 wtm-col-lg-8 wtm-col-md-6\">\n            <h2 class=\"team-member-title\">Schriftf\u00fchrer<\/h2>\n                          <h4 class=\"team-position\">Thilo Kirchhoff<\/h4>\n                        <div class=\"team-short-bio\">\n                            Protokollerstellung bei Vorstandssitzungen Vorbereitung der Jahreshauptversammlung Einladung zur Jahreshauptversammlung Protokoll der Jahreshauptversammlung                        <\/div>\n                                                                                             \n          <\/div>\n          <\/div>\n          <\/div>\n  \n                <\/div>\n  <\/div>\n\n  \n<p><strong>Um den Vorstand zu kontaktieren, benutzen Sie bitte folgendes Kontaktformular:<\/strong><\/p>\n\n<div class=\"wpcf7 no-js\" id=\"wpcf7-f268-o1\" lang=\"de-DE\" dir=\"ltr\" data-wpcf7-id=\"268\">\n<div class=\"screen-reader-response\"><p role=\"status\" aria-live=\"polite\" aria-atomic=\"true\"><\/p> <ul><\/ul><\/div>\n<form action=\"\/index.php?rest_route=%2Fwp%2Fv2%2Fpages%2F80#wpcf7-f268-o1\" method=\"post\" class=\"wpcf7-form init\" aria-label=\"Kontaktformular\" novalidate=\"novalidate\" data-status=\"init\">\n<fieldset class=\"hidden-fields-container\"><input type=\"hidden\" name=\"_wpcf7\" value=\"268\" \/><input type=\"hidden\" name=\"_wpcf7_version\" value=\"6.1.5\" \/><input type=\"hidden\" name=\"_wpcf7_locale\" value=\"de_DE\" \/><input type=\"hidden\" name=\"_wpcf7_unit_tag\" value=\"wpcf7-f268-o1\" \/><input type=\"hidden\" name=\"_wpcf7_container_post\" value=\"0\" \/><input type=\"hidden\" name=\"_wpcf7_posted_data_hash\" value=\"\" \/>\n<\/fieldset>\n<p>W\u00e4hlen Sie bitte den Empf\u00e4nger aus:\n<\/p>\n<p>[select* Empfaenger \"1. Vorsitzender|1.vorsitzender@mfg-neitersen.de\" Gesch\u00e4ftsf\u00fchrer|gf@mfg-neitersen.de\" \"Kassierer|kassierer@mfg-neitersen.de\" \"Flugleiter|flugleiter@mfg-neitersen.de\" \"Jugendwart|jugendwart@mfg-neitersen.de\" \"Schriftf\u00fchrer|schriftfuehrer@mfg-neitersen.de\" \"alle Vorstandsmitglieder|vorstand@mfg-neitersen.de\" \"Internetbeauftragter|info@mfg-neitersen.de\" ]\n<\/p>\n<p>Ihr Name (Pflichtfeld)\n<\/p>\n<p><span class=\"wpcf7-form-control-wrap\" data-name=\"your-name\"><input size=\"40\" maxlength=\"400\" class=\"wpcf7-form-control wpcf7-text wpcf7-validates-as-required\" aria-required=\"true\" aria-invalid=\"false\" value=\"\" type=\"text\" name=\"your-name\" \/><\/span>\n<\/p>\n<p>Ihre E-Mail-Adresse (Pflichtfeld)\n<\/p>\n<p><span class=\"wpcf7-form-control-wrap\" data-name=\"your-email\"><input size=\"40\" maxlength=\"400\" class=\"wpcf7-form-control wpcf7-email wpcf7-validates-as-required wpcf7-text wpcf7-validates-as-email\" aria-required=\"true\" aria-invalid=\"false\" value=\"\" type=\"email\" name=\"your-email\" \/><\/span>\n<\/p>\n<p>Ihre Telefonnummer\n<\/p>\n<p><span class=\"wpcf7-form-control-wrap\" data-name=\"Telefon\"><input size=\"40\" maxlength=\"400\" class=\"wpcf7-form-control wpcf7-tel wpcf7-validates-as-required wpcf7-text wpcf7-validates-as-tel\" aria-required=\"true\" aria-invalid=\"false\" value=\"\" type=\"tel\" name=\"Telefon\" \/><\/span>\n<\/p>\n<p>Betreff\n<\/p>\n<p><span class=\"wpcf7-form-control-wrap\" data-name=\"your-subject\"><input size=\"40\" maxlength=\"400\" class=\"wpcf7-form-control wpcf7-text wpcf7-validates-as-required\" aria-required=\"true\" aria-invalid=\"false\" value=\"\" type=\"text\" name=\"your-subject\" \/><\/span>\n<\/p>\n<p>Ihre Nachricht\n<\/p>\n<p><span class=\"wpcf7-form-control-wrap\" data-name=\"your-message\"><textarea cols=\"40\" rows=\"10\" maxlength=\"2000\" class=\"wpcf7-form-control wpcf7-textarea wpcf7-validates-as-required\" aria-required=\"true\" aria-invalid=\"false\" name=\"your-message\"><\/textarea><\/span>\n<\/p>\n<p><input class=\"wpcf7-form-control wpcf7-submit has-spinner\" type=\"submit\" value=\"Sende E-mail\" \/>\n<\/p><div class=\"wpcf7-response-output\" aria-hidden=\"true\"><\/div>\n<\/form>\n<\/div>\n\n","protected":false},"excerpt":{"rendered":"<p>Der Vorstand der Modellfluggruppe Neitersen e.V. wird f\u00fcr zwei Jahre auf der Jahreshaultversammlung gew\u00e4hlt, zuletzt am 24.02.2022. Der derzeitige Vorstand stellt sich wie folgt zusammen: Um den Vorstand zu kontaktieren, &hellip; <a class=\"kt-excerpt-readmore\" href=\"https:\/\/mfg-neitersen.de\/?page_id=80\" aria-label=\"Vorstand\">Weiterlesen<\/a><\/p>\n","protected":false},"author":1,"featured_media":0,"parent":0,"menu_order":0,"comment_status":"open","ping_status":"open","template":"page-fullwidth.php","meta":{"kt_blocks_editor_width":"","footnotes":""},"class_list":["post-80","page","type-page","status-publish","hentry"],"_links":{"self":[{"href":"https:\/\/mfg-neitersen.de\/index.php?rest_route=\/wp\/v2\/pages\/80","targetHints":{"allow":["GET"]}}],"collection":[{"href":"https:\/\/mfg-neitersen.de\/index.php?rest_route=\/wp\/v2\/pages"}],"about":[{"href":"https:\/\/mfg-neitersen.de\/index.php?rest_route=\/wp\/v2\/types\/page"}],"author":[{"embeddable":true,"href":"https:\/\/mfg-neitersen.de\/index.php?rest_route=\/wp\/v2\/users\/1"}],"replies":[{"embeddable":true,"href":"https:\/\/mfg-neitersen.de\/index.php?rest_route=%2Fwp%2Fv2%2Fcomments&post=80"}],"version-history":[{"count":0,"href":"https:\/\/mfg-neitersen.de\/index.php?rest_route=\/wp\/v2\/pages\/80\/revisions"}],"wp:attachment":[{"href":"https:\/\/mfg-neitersen.de\/index.php?rest_route=%2Fwp%2Fv2%2Fmedia&parent=80"}],"curies":[{"name":"wp","href":"https:\/\/api.w.org\/{rel}","templated":true}]}}